{"id":1152,"date":"2018-04-26T19:58:14","date_gmt":"2018-04-26T19:58:14","guid":{"rendered":"http:\/\/scalia.de\/?page_id=1152"},"modified":"2018-05-11T18:05:27","modified_gmt":"2018-05-11T18:05:27","slug":"abouts-2-2-2-2","status":"publish","type":"page","link":"https:\/\/scalia.de\/?page_id=1152","title":{"rendered":"Arbeitsrecht &#8211; K\u00fcndigungsrecht"},"content":{"rendered":"<section class=\"wpb-content-wrapper\"><p>[vc_row css=&#8220;.vc_custom_1486546607603{padding-bottom: 136px !important;}&#8220;][vc_column width=&#8220;1\/2&#8243;][vc_custom_heading text=&#8220;Arbeits- und K\u00fcndigungsschutzrecht<\/p>\n<p>&#8220; font_container=&#8220;tag:h2|font_size:32px|text_align:left|color:%23404244&#8243; google_fonts=&#8220;font_family:Playfair%20Display%3Aregular%2Citalic%2C700%2C700italic%2C900%2C900italic|font_style:400%20regular%3A400%3Anormal&#8220;][vc_column_text]<\/p>\n<p> Im Falle einer arbeitsrechtlichen K\u00fcndigung sind Arbeitnehmer regelm\u00e4\u00dfig mit den rechtlichen Rahmenbedingungen und Fragen des K\u00fcndigungsschutzes \u00fcberfordert. Fragen nach der Wirksamkeit der K\u00fcndigung oder einer Abfindung bleiben ungekl\u00e4rt. Gegen eine arbeitsrechtliche K\u00fcndigung muss grunds\u00e4tzlich innerhalb einer Frist von 3 Wochen K\u00fcndigungsschutzklage zum zust\u00e4ndigen Arbeitsgericht erhoben werden. Andernfalls genehmigt der Arbeitnehmer die K\u00fcndigung und zeigt sich somit mit ihr einverstanden. Von diesem Grundsatz gibt es die Ausnahme der Zulassung versp\u00e4teter Klagen, wenn die Vers\u00e4umung der Frist nicht verschuldet war. Hierzu muss jedoch ein gesonderter Antrag gestellt werden und der Antrag begr\u00fcndet werden. Solche und weitere Fragen im Arbeitsrecht kl\u00e4ren wir gerne mit Ihnen, wie z.B.:<\/p>\n<p>Arbeitsrechtliche Abmahnung<br \/>\nArbeitszeugnis<br \/>\nAbfindungsvereinbarung<br \/>\nFragen rund um das Arbeitsentgelt<br \/>\nUrlaubsanspr\u00fcche und Urlaubsabgeltung<br \/>\nSonstige arbeitsvertragsrechtliche Fragen<\/p>\n<p>[\/vc_column_text][cms_fancybox cms_line_top=&#8220;1&#8243; cms_line_bottom=&#8220;1&#8243; description1=&#8220;Hinweis: Eine rechtliche Beratung im Einzelfall kann hierdurch nicht ersetzt werden.<br \/>\n&#8220; cms_template=&#8220;cms_fancybox&#8211;layout2.php&#8220; image1=&#8220;209&#8243;][vc_empty_space height=&#8220;65px&#8220;][\/vc_column][vc_column width=&#8220;1\/2&#8243; css=&#8220;.vc_custom_1429605495654{margin-top: 38px !important;}&#8220;][\/vc_column][\/vc_row][vc_row css=&#8220;.vc_custom_1429496873288{margin-top: 30px !important;padding-bottom: 54px !important;background-color: #f6f6eb !important;}&#8220;][vc_column width=&#8220;1\/3&#8243;][cms_fancybox content_align=&#8220;center&#8220; icon1=&#8220;icon-phone&#8220; cms_fancy_box_phone=&#8220; (06202) 702390 &#8220; cms_template=&#8220;cms_fancybox&#8211;layout4.php&#8220;][\/vc_column][vc_column width=&#8220;1\/3&#8243;][cms_fancybox content_align=&#8220;center&#8220; icon1=&#8220;icon-location&#8220; cms_fancy_box_address=&#8220;Heckerstr. 18 68723 Schwetzingen Baden-W\u00fcrttemberg&#8220; cms_template=&#8220;cms_fancybox&#8211;layout4.php&#8220;][\/vc_column][vc_column width=&#8220;1\/3&#8243;][cms_fancybox content_align=&#8220;center&#8220; icon1=&#8220;icon-mail&#8220; cms_template=&#8220;cms_fancybox&#8211;layout4.php&#8220;][\/vc_column][\/vc_row]<\/p>\n<\/section>","protected":false},"excerpt":{"rendered":"<p>[vc_row css=&#8220;.vc_custom_1486546607603{padding-bottom: 136px !important;}&#8220;][vc_column width=&#8220;1\/2&#8243;][vc_custom_heading text=&#8220;Arbeits- und K\u00fcndigungsschutzrecht &#8220; font_container=&#8220;tag:h2|font_size:32px|text_align:left|color:%23404244&#8243; google_fonts=&#8220;font_family:Playfair%20Display%3Aregular%2Citalic%2C700%2C700italic%2C900%2C900italic|font_style:400%20regular%3A400%3Anormal&#8220;][vc_column_text] Im Falle einer arbeitsrechtlichen K\u00fcndigung sind Arbeitnehmer regelm\u00e4\u00dfig mit den rechtlichen Rahmenbedingungen und Fragen des K\u00fcndigungsschutzes \u00fcberfordert. Fragen nach der Wirksamkeit der K\u00fcndigung oder einer Abfindung bleiben ungekl\u00e4rt. Gegen eine arbeitsrechtliche K\u00fcndigung muss grunds\u00e4tzlich innerhalb einer Frist von 3 Wochen K\u00fcndigungsschutzklage zum zust\u00e4ndigen Arbeitsgericht [&hellip;]<\/p>\n","protected":false},"author":1,"featured_media":0,"parent":0,"menu_order":0,"comment_status":"closed","ping_status":"closed","template":"","meta":{"footnotes":""},"class_list":["post-1152","page","type-page","status-publish","hentry"],"_links":{"self":[{"href":"https:\/\/scalia.de\/index.php?rest_route=\/wp\/v2\/pages\/1152","targetHints":{"allow":["GET"]}}],"collection":[{"href":"https:\/\/scalia.de\/index.php?rest_route=\/wp\/v2\/pages"}],"about":[{"href":"https:\/\/scalia.de\/index.php?rest_route=\/wp\/v2\/types\/page"}],"author":[{"embeddable":true,"href":"https:\/\/scalia.de\/index.php?rest_route=\/wp\/v2\/users\/1"}],"replies":[{"embeddable":true,"href":"https:\/\/scalia.de\/index.php?rest_route=%2Fwp%2Fv2%2Fcomments&post=1152"}],"version-history":[{"count":6,"href":"https:\/\/scalia.de\/index.php?rest_route=\/wp\/v2\/pages\/1152\/revisions"}],"predecessor-version":[{"id":1251,"href":"https:\/\/scalia.de\/index.php?rest_route=\/wp\/v2\/pages\/1152\/revisions\/1251"}],"wp:attachment":[{"href":"https:\/\/scalia.de\/index.php?rest_route=%2Fwp%2Fv2%2Fmedia&parent=1152"}],"curies":[{"name":"wp","href":"https:\/\/api.w.org\/{rel}","templated":true}]}}