{"id":1161,"date":"2018-04-26T20:35:20","date_gmt":"2018-04-26T20:35:20","guid":{"rendered":"http:\/\/scalia.de\/?page_id=1161"},"modified":"2018-05-05T18:35:50","modified_gmt":"2018-05-05T18:35:50","slug":"impressum","status":"publish","type":"page","link":"https:\/\/scalia.de\/?page_id=1161","title":{"rendered":"Impressum"},"content":{"rendered":"<section class=\"wpb-content-wrapper\"><p>[vc_row][vc_column][vc_custom_heading text=&#8220;Impressum\/Informationspflichten nach TMG, RStV und Dienstleistungs-Informationspflichten-Verordnung (DL-InfoV)<\/p>\n<p>&#8220; font_container=&#8220;tag:p|font_size:32px|text_align:left|color:%23404244&#8243; google_fonts=&#8220;font_family:Playfair%20Display%3Aregular%2Citalic%2C700%2C700italic%2C900%2C900italic|font_style:400%20regular%3A400%3Anormal&#8220;][\/vc_column][\/vc_row][vc_row][vc_column width=&#8220;1\/4&#8243;][vc_column_text]Name und Anschrift:[\/vc_column_text][\/vc_column][vc_column width=&#8220;3\/4&#8243;][vc_column_text]Rechtsanwaltskanzlei Salvatore Scalia<br \/>\nHeckerstr. 18, 68723 Schwetzingen<br \/>\n[\/vc_column_text][\/vc_column][\/vc_row][vc_row][vc_column width=&#8220;1\/4&#8243;][vc_column_text]<\/p>\n<p>Gesetzliche Berufsbezeichnung<\/p>\n<p>E-Mail[\/vc_column_text][\/vc_column][vc_column width=&#8220;3\/4&#8243;][vc_column_text]<\/p>\n<p>Herr Scalia ist als Rechtsanwalt nach dem Recht der Bundesrepublik Deutschland zugelassen<\/p>\n<p>rechtsanwalt@scalia.de[\/vc_column_text][\/vc_column][\/vc_row][vc_row][vc_column width=&#8220;1\/4&#8243;][vc_column_text]<\/p>\n<p>Zust\u00e4ndige Rechtsanwaltskammer<\/p>\n<p>[\/vc_column_text][\/vc_column][vc_column width=&#8220;3\/4&#8243;][vc_column_text]<\/p>\n<p>Herr Scalia ist Mitglied der<br \/>\nRechtsanwaltskammer Karlsruhe<br \/>\nReinhold-Frank-Str. 2 , 76133 Karlsruhe<br \/>\nTel. 0721\/25340; Telefax 0721\/26627<br \/>\ninfo@rak-karlsruhe.de<\/p>\n<p>[\/vc_column_text][\/vc_column][\/vc_row][vc_row][vc_column width=&#8220;1\/4&#8243;][vc_column_text]Umsatzsteuer-ID[\/vc_column_text][\/vc_column][vc_column width=&#8220;3\/4&#8243;][vc_column_text]<\/p>\n<p>DE224354857<\/p>\n<p>[\/vc_column_text][\/vc_column][\/vc_row][vc_row][vc_column width=&#8220;1\/4&#8243;][vc_column_text]Berufsrechtliche Regelungen[\/vc_column_text][\/vc_column][vc_column width=&#8220;3\/4&#8243;][vc_column_text]<\/p>\n<p>Es gelten nachfolgende berufsrechtliche Regelungen:<br \/>\nBundesrechtsanwaltsordnung (BRAO)<br \/>\nBerufssordnung f\u00fcr Rechtsanwalte (BORA)<br \/>\nRechtsanwaltsverg\u00fctungsgesetz (RVG)<br \/>\nBerufsregeln der Rechtsanw\u00e4lte der Europ\u00e4ischen Union Fachanwaltsordnung (CCBE)Alle berufsrechtlich relevanten Vorschriften finden Sie<br \/>\nim Internet unter: www.brak.de\/Rubrik Berufsrecht<br \/>\n(Homepage der Bundesrechtsanwaltskammer)<\/p>\n<p>[\/vc_column_text][\/vc_column][\/vc_row][vc_row][vc_column width=&#8220;1\/4&#8243;][vc_column_text]Berufshaftpflichtversicherung:[\/vc_column_text][\/vc_column][vc_column width=&#8220;3\/4&#8243;][vc_column_text]Victoria Versicherung AG<br \/>\nGesetzl. Vertr. d.d. Vorstand<br \/>\nAm Victoria-Turm 2, 68163 Mannheim<br \/>\nTel. 0621 4205302<br \/>\nVersicherungsscheinnummer HV-HA2760856.7-00112-0694<br \/>\nR\u00e4umlicher Geltungsbereich: Gebiet der Bundesrepublik<br \/>\nDeutschland; Vertretung vor inl\u00e4ndischen Gerichten, au\u00dfer BGH<br \/>\n[\/vc_column_text][\/vc_column][\/vc_row][vc_row][vc_column width=&#8220;1\/4&#8243;][vc_column_text]Au\u00dfergerichtliche Streitschlichtung[\/vc_column_text][\/vc_column][vc_column width=&#8220;3\/4&#8243;][vc_column_text]<\/p>\n<p>\nBei Streitigkeiten zwischen Rechtsanw\u00e4lten und ihren Auftraggebern besteht auf Antrag die M\u00f6glichkeit der au\u00dfergerichtlichen Streitschlichtung bei der regionalen Rechtsanwaltskammer Karlsruhe oder der Streitschlichtungsstelle der Rechtsanwaltsschaft bei der Bundesrechtsanwaltskammer.<\/p>\n<p>(Diese E-Mail-Adresse ist vor Spambots gesch\u00fctzt! Zur Anzeige muss JavaScript eingeschaltet sein!&#8220;>www.brak.de\/schlichtungsstelle@brak.de)<\/p>\n<p>Haftungshinweise\/Urheberrecht<\/p>\n<p>Die Inhalte dieser Website sind urheberrechtlich gesch\u00fctzt. Jede Vervielf\u00e4ltigung und Nutzung und jede Art der Verwertung au\u00dferhalb der Grenzen des Urheberrechtes ohne Zustimmung der Rechtsanwaltskanzlei Scalia ist rechtlich unzul\u00e4ssig. Soweit die Inhalte auf dieser Seite nicht vom Betreiber erstellt wurden, werden die Urheberrechte Dritter beachtet. Sollten Sie trotzdem auf eine Urheberrechtsverletzung aufmerksam werden, bitten wir um einen entsprechenden Hinweis. Bei Bekanntwerden von Rechtsverletzungen werden wir derartige Inhalte umgehend entfernen.<\/p>\n<p>Bitte beachten Sie, dass die auf dieser Website abgebildeten Informationen keinerlei Rechtsberatung darstellen.<\/p>\n<p>Haftungsausschluss (Disclaimer)<\/p>\n<p>Als Diensteanbieter sind wir gem\u00e4\u00df \u00a7 7 Abs.1 TMG f\u00fcr eigene Inhalte auf diesen Seiten nach den allgemeinen Gesetzen verantwortlich. Nach \u00a7\u00a7 8 bis 10 TMG sind wir als Diensteanbieter jedoch nicht verpflichtet, \u00fcbermittelte oder gespeicherte fremde Informationen zu \u00fcberwachen oder nach Umst\u00e4nden zu forschen, die auf eine rechtswidrige T\u00e4tigkeit hinweisen. Verpflichtungen zur Entfernung oder Sperrung der Nutzung von Informationen nach den allgemeinen Gesetzen bleiben hiervon unber\u00fchrt. Eine diesbez\u00fcgliche Haftung ist jedoch erst ab dem Zeitpunkt der Kenntnis einer konkreten Rechtsverletzung m\u00f6glich. Bei Bekanntwerden von entsprechenden Rechtsverletzungen werden wir diese Inhalte umgehend entfernen.<\/p>\n<p>Haftung f\u00fcr Links<\/p>\n<p>Auf Inhalte ver\u00f6ffentlichter Links auch zu externen Webseiten Dritter haben wir keinen Einfluss. Wir machen uns diese nicht zu eigen und k\u00f6nnen f\u00fcr diese fremden Inhalte keine Gew\u00e4hr \u00fcbernehmen. F\u00fcr die Inhalte der verlinkten Seiten ist stets der jeweilige Anbieter oder Betreiber der Seiten verantwortlich. Verlinkte Seiten werden zum Zeitpunkt der Verlinkung auf m\u00f6gliche Rechtsverst\u00f6\u00dfe \u00fcberpr\u00fcft. Eine permanente inhaltliche Kontrolle der verlinkten Seiten ist jedoch ohne konkrete Anhaltspunkte einer Rechtsverletzung nicht zumutbar. Bei Bekanntwerden von Rechtsverletzungen werden wir derartige Links umgehend entfernen.<\/p>\n<p>Datenschutzerkl\u00e4rung:<\/p>\n<p> Auf die separate Datenschutzerkl\u00e4rung, die Sie auf unserer Startseite aufrufen k\u00f6nnen, wird ausdr\u00fccklich hingewiesen und Bezug genommen.<\/p>\n<p>Die Nutzung unserer Webseite ist in der Regel ohne Angabe personenbezogener Daten m\u00f6glich. Soweit auf unseren Seiten personenbezogene Daten (beispielsweise Name, Anschrift oder eMail-Adressen) erhoben werden, erfolgt dies, soweit m\u00f6glich, stets auf freiwilliger Basis. Diese Daten werden ohne Ihre ausdr\u00fcckliche Zustimmung nicht an Dritte weitergegeben.<\/p>\n<p>Wir weisen darauf hin, dass die Daten\u00fcbertragung im Internet (z.B. bei der Kommunikation per E-Mail) Sicherheitsl\u00fccken aufweisen kann. Ein l\u00fcckenloser Schutz der Daten vor dem Zugriff durch Dritte ist nicht m\u00f6glich.<\/p>\n<p>Der Nutzung von im Rahmen der Impressumspflicht ver\u00f6ffentlichten Kontaktdaten durch Dritte zur \u00dcbersendung von nicht ausdr\u00fccklich angeforderter Werbung und Informationsmaterialien wird hiermit ausdr\u00fccklich widersprochen. Wir behalten uns ausdr\u00fccklich rechtliche Schritte im Falle der unverlangten Zusendung von Werbeinformationen, etwa durch Spam-Mails, vor.<\/p>\n<p>[\/vc_column_text][\/vc_column][\/vc_row][vc_row css=&#8220;.vc_custom_1429496873288{margin-top: 30px !important;padding-bottom: 54px !important;background-color: #f6f6eb !important;}&#8220;][vc_column width=&#8220;1\/3&#8243;][cms_fancybox content_align=&#8220;center&#8220; icon1=&#8220;icon-phone&#8220; cms_fancy_box_phone=&#8220; (06202) 702390&#8243; cms_template=&#8220;cms_fancybox&#8211;layout4.php&#8220;][\/vc_column][vc_column width=&#8220;1\/3&#8243;][cms_fancybox content_align=&#8220;center&#8220; icon1=&#8220;icon-location&#8220; cms_fancy_box_address=&#8220;Heckerstr. 18 68723 Schwetzingen Baden-W\u00fcrttemberg&#8220; cms_template=&#8220;cms_fancybox&#8211;layout4.php&#8220;][\/vc_column][vc_column width=&#8220;1\/3&#8243;][cms_fancybox content_align=&#8220;center&#8220; icon1=&#8220;icon-mail&#8220; cms_template=&#8220;cms_fancybox&#8211;layout4.php&#8220;][\/vc_column][\/vc_row]<\/p>\n<\/section>","protected":false},"excerpt":{"rendered":"<p>[vc_row][vc_column][vc_custom_heading text=&#8220;Impressum\/Informationspflichten nach TMG, RStV und Dienstleistungs-Informationspflichten-Verordnung (DL-InfoV) &#8220; font_container=&#8220;tag:p|font_size:32px|text_align:left|color:%23404244&#8243; google_fonts=&#8220;font_family:Playfair%20Display%3Aregular%2Citalic%2C700%2C700italic%2C900%2C900italic|font_style:400%20regular%3A400%3Anormal&#8220;][\/vc_column][\/vc_row][vc_row][vc_column width=&#8220;1\/4&#8243;][vc_column_text]Name und Anschrift:[\/vc_column_text][\/vc_column][vc_column width=&#8220;3\/4&#8243;][vc_column_text]Rechtsanwaltskanzlei Salvatore Scalia Heckerstr. 18, 68723 Schwetzingen [\/vc_column_text][\/vc_column][\/vc_row][vc_row][vc_column width=&#8220;1\/4&#8243;][vc_column_text] Gesetzliche Berufsbezeichnung E-Mail[\/vc_column_text][\/vc_column][vc_column width=&#8220;3\/4&#8243;][vc_column_text] Herr Scalia ist als Rechtsanwalt nach dem Recht der Bundesrepublik Deutschland zugelassen rechtsanwalt@scalia.de[\/vc_column_text][\/vc_column][\/vc_row][vc_row][vc_column width=&#8220;1\/4&#8243;][vc_column_text] Zust\u00e4ndige Rechtsanwaltskammer [\/vc_column_text][\/vc_column][vc_column width=&#8220;3\/4&#8243;][vc_column_text] Herr Scalia ist Mitglied der Rechtsanwaltskammer Karlsruhe Reinhold-Frank-Str. 2 , [&hellip;]<\/p>\n","protected":false},"author":1,"featured_media":0,"parent":0,"menu_order":0,"comment_status":"closed","ping_status":"closed","template":"","meta":{"footnotes":""},"class_list":["post-1161","page","type-page","status-publish","hentry"],"_links":{"self":[{"href":"https:\/\/scalia.de\/index.php?rest_route=\/wp\/v2\/pages\/1161","targetHints":{"allow":["GET"]}}],"collection":[{"href":"https:\/\/scalia.de\/index.php?rest_route=\/wp\/v2\/pages"}],"about":[{"href":"https:\/\/scalia.de\/index.php?rest_route=\/wp\/v2\/types\/page"}],"author":[{"embeddable":true,"href":"https:\/\/scalia.de\/index.php?rest_route=\/wp\/v2\/users\/1"}],"replies":[{"embeddable":true,"href":"https:\/\/scalia.de\/index.php?rest_route=%2Fwp%2Fv2%2Fcomments&post=1161"}],"version-history":[{"count":8,"href":"https:\/\/scalia.de\/index.php?rest_route=\/wp\/v2\/pages\/1161\/revisions"}],"predecessor-version":[{"id":1239,"href":"https:\/\/scalia.de\/index.php?rest_route=\/wp\/v2\/pages\/1161\/revisions\/1239"}],"wp:attachment":[{"href":"https:\/\/scalia.de\/index.php?rest_route=%2Fwp%2Fv2%2Fmedia&parent=1161"}],"curies":[{"name":"wp","href":"https:\/\/api.w.org\/{rel}","templated":true}]}}