{"id":45,"date":"2015-04-06T01:26:39","date_gmt":"2015-04-06T01:26:39","guid":{"rendered":"http:\/\/dev.joomexp.com\/wordpress\/wp-lawpractice\/?page_id=45"},"modified":"2023-08-30T23:15:28","modified_gmt":"2023-08-30T21:15:28","slug":"main-3-2","status":"publish","type":"page","link":"https:\/\/scalia.de\/","title":{"rendered":"Main"},"content":{"rendered":"<section class=\"wpb-content-wrapper\"><p>[vc_row content_full_width=&#8220;1&#8243;][vc_column offset=&#8220;vc_hidden-xs&#8220;][rev_slider_vc alias=&#8220;main&#8220;][\/vc_column][\/vc_row][vc_row content_full_width=&#8220;1&#8243; css=&#8220;.vc_custom_1431917504872{background-color: rgba(0,0,0,0.05) !important;*background-color: rgb(0,0,0) !important;}&#8220;][vc_column offset=&#8220;vc_hidden-xs&#8220;][\/vc_column][\/vc_row][vc_row css=&#8220;.vc_custom_1526222893048{padding-top: 50px !important;padding-bottom: 50px !important;}&#8220;][vc_column][vc_column_text css_animation=&#8220;fadeInUp&#8220; css=&#8220;.vc_custom_1526222767792{margin-bottom: 30px !important;}&#8220; el_class=&#8220;center&#8220;]<\/p>\n<p><span class=\"cs-highlight-style-1 \">Willkommen auf der Internetpr\u00e4senz der Rechtsanwaltskanzlei <span class=\"cs-highlight-style-2\"> Salvatore Scalia<\/span><\/span><\/p>\n<p>&nbsp;<\/p>\n<p>[\/vc_column_text][vc_custom_heading text=&#8220;Wir freuen uns \u00fcber Ihr Interesse.<br \/>\nAuf den folgenden Seiten finden Sie Informationen zu den T\u00e4tigkeitsschwerpunkten unserer Kanzlei.<br \/>\nBei allen Fragen stehen wir Ihnen gerne pers\u00f6nlich zur Verf\u00fcgung.<br \/>\nRufen Sie uns an und vereinbaren Sie einen Termin.<br \/>\n&#8220; font_container=&#8220;tag:h1|text_align:center&#8220; google_fonts=&#8220;font_family:Abel%3Aregular|font_style:400%20regular%3A400%3Anormal&#8220;][\/vc_column][\/vc_row][vc_row css=&#8220;.vc_custom_1432195428356{padding-top: 78px !important;padding-bottom: 52px !important;background-color: #f6f6eb !important;}&#8220;][vc_column][cms_fancybox content_align=&#8220;center&#8220; cms_cols=&#8220;4 Columns&#8220; icon1=&#8220;icon-user&#8220; title1=&#8220;Vertrags- und Mietrecht&#8220; button_link1=&#8220;scalia.de\/?page_id=1143&#8243; icon2=&#8220;icon-lock&#8220; title2=&#8220;Verkehrs- und Verkehrsunfallrecht&#8220; button_link2=&#8220;scalia.de\/?page_id=1146&#8243; icon3=&#8220;icon-clock&#8220; title3=&#8220;Familien- und Scheidungsrecht&#8220; button_link3=&#8220;scalia.de\/?page_id=1149&#8243; icon4=&#8220;icon-clock&#8220; title4=&#8220;Arbeits- und K\u00fcndigungsrecht&#8220; button_link4=&#8220;scalia.de\/?page_id=1152&#8243; button_text=&#8220;Mehr wissen&#8220; description1=&#8220;Eintreibung von Geldforderungen gegen gewerbliche Kunden oder privaten Schuldnern und Mietern.&#8220; description2=&#8220;Als Gesch\u00e4digter ist ein Verkehrsunfall oft mit unangenehmen Folgen verbunden. &#8220; description3=&#8220;Eine Trennung und Scheidung sind f\u00fcr den Betroffenen regelm\u00e4\u00dfig emotional sehr belastend.&#8220; cms_template=&#8220;cms_fancybox.php&#8220; description4=&#8220;K\u00fcndigungsrecht und K\u00fcndigungsschutzklagen, sonstige arbeitsvertragsrechtliche Fragen<\/p>\n<p>&#8222;][\/vc_column][\/vc_row][vc_row content_full_width=&#8220;1&#8243;][vc_column][\/vc_column][\/vc_row][vc_row content_full_width=&#8220;1&#8243; bg_style=&#8220;img_parallax&#8220; css=&#8220;.vc_custom_1433390766527{padding-top: 40px !important;padding-bottom: 95px !important;background-image: url(http:\/\/dev.joomexp.com\/wordpress\/wp-lawpractice\/wp-content\/uploads\/2015\/04\/aaa.jpg?id=249) !important;background-position: center !important;background-repeat: no-repeat !important;background-size: cover !important;}&#8220; bd_p_speed=&#8220;0.5&#8243;][vc_column][cms_fancybox content_align=&#8220;left&#8220; cms_cols=&#8220;2 Columns&#8220; icon1=&#8220;icon-pen&#8220; title1=&#8220;Haben Sie eine Frage oder ein rechtliches Problem?&#8220; cms_fancy_box_padding=&#8220;0 0 0 30px&#8220; description1=&#8220;Kontaktieren Sie uns!&#8220; cms_template=&#8220;cms_fancybox&#8211;layout3.php&#8220;][\/vc_column][\/vc_row][vc_row bg_style=&#8220;img_parallax&#8220; css=&#8220;.vc_custom_1433399640917{background-image: url(http:\/\/dev.joomexp.com\/wordpress\/wp-lawpractice\/wp-content\/uploads\/2015\/04\/parallax2.jpg?id=359) !important;background-position: center !important;background-repeat: no-repeat !important;background-size: cover !important;}&#8220; bd_p_speed=&#8220;0.5&#8243;][vc_column width=&#8220;1\/2&#8243;][vc_column_text css=&#8220;.vc_custom_1525536217288{margin-top: 107px !important;margin-bottom: 107px !important;}&#8220; el_class=&#8220;left&#8220;]<\/p>\n<p><span class=\"cs-highlight-style-1\"><span class=\"cs-highlight-style-3\">Nehmen Sie gerne eine <\/span> <span class=\"cs-highlight-style-2\">Erstberatung<\/span><\/span><\/p>\n<p>in Anspruch und lassen Sie sich \u00fcber Ihre Rechte und Pflichten in einer Angelegenheit unserer T\u00e4tigkeitsschwerpunkte aufkl\u00e4ren. Die Kosten hierf\u00fcr stimmen wir gerne vorab mit Ihnen ab.<\/p>\n<p>&nbsp;<\/p>\n<p>[\/vc_column_text][\/vc_column][vc_column width=&#8220;1\/2&#8243; css=&#8220;.vc_custom_1486545303571{margin-bottom: 0px !important;}&#8220;][vc_single_image image=&#8220;360&#8243; img_size=&#8220;568 \u00d7 902&#8243; css_animation=&#8220;right-to-left&#8220; css=&#8220;.vc_custom_1486545299446{margin-top: -56px !important;margin-bottom: 0px !important;}&#8220;][\/vc_column][\/vc_row][vc_row css=&#8220;.vc_custom_1429496873288{margin-top: 30px !important;padding-bottom: 54px !important;background-color: #f6f6eb !important;}&#8220;][vc_column width=&#8220;1\/3&#8243;][cms_fancybox content_align=&#8220;center&#8220; icon1=&#8220;icon-phone&#8220; cms_fancy_box_phone=&#8220;(06202) 702390&#8243; cms_template=&#8220;cms_fancybox&#8211;layout4.php&#8220;][\/vc_column][vc_column width=&#8220;1\/3&#8243;][cms_fancybox content_align=&#8220;center&#8220; icon1=&#8220;icon-location&#8220; cms_fancy_box_address=&#8220;Heckerstr. 18 68723 Schwetzingen Baden-W\u00fcrttemberg&#8220; cms_template=&#8220;cms_fancybox&#8211;layout4.php&#8220;][\/vc_column][vc_column width=&#8220;1\/3&#8243;][cms_fancybox content_align=&#8220;center&#8220; icon1=&#8220;icon-mail&#8220; cms_fancy_box_mail=&#8220;rechtsanwalt@scalia.de&#8220; cms_template=&#8220;cms_fancybox&#8211;layout4.php&#8220;][\/vc_column][\/vc_row][vc_row css=&#8220;.vc_custom_1432200981899{padding-top: 34px !important;padding-bottom: 120px !important;background-image: url(http:\/\/dev.joomexp.com\/wordpress\/wp-lawpractice\/wp-content\/uploads\/2015\/04\/map.jpg?id=436) !important;background-position: center !important;background-repeat: no-repeat !important;background-size: cover !important;}&#8220;][vc_column][vc_custom_heading text=&#8220;&#8220; font_container=&#8220;tag:h2|font_size:50|text_align:center|color:%23404244&#8243; google_fonts=&#8220;font_family:Playfair%20Display%3Aregular%2Citalic%2C700%2C700italic%2C900%2C900italic|font_style:400%20regular%3A400%3Anormal&#8220; css=&#8220;.vc_custom_1525536583211{margin-bottom: -23px !important;}&#8220;][vc_custom_heading text=&#8220;&#8220; font_container=&#8220;tag:p|font_size:20px|text_align:center|color:%23999999&#8243; google_fonts=&#8220;font_family:Open%20Sans%3A300%2C300italic%2Cregular%2Citalic%2C600%2C600italic%2C700%2C700italic%2C800%2C800italic|font_style:300%20light%20regular%3A300%3Anormal&#8220; css=&#8220;.vc_custom_1525536596755{margin-top: 10px !important;margin-bottom: 42px !important;}&#8220;][\/vc_column][\/vc_row][vc_row][vc_column width=&#8220;1\/4&#8243;][\/vc_column][vc_column width=&#8220;1\/4&#8243;][\/vc_column][vc_column width=&#8220;1\/4&#8243;][\/vc_column][\/vc_row]<\/p>\n<\/section>","protected":false},"excerpt":{"rendered":"<p>[vc_row content_full_width=&#8220;1&#8243;][vc_column offset=&#8220;vc_hidden-xs&#8220;][rev_slider_vc alias=&#8220;main&#8220;][\/vc_column][\/vc_row][vc_row content_full_width=&#8220;1&#8243; css=&#8220;.vc_custom_1431917504872{background-color: rgba(0,0,0,0.05) !important;*background-color: rgb(0,0,0) !important;}&#8220;][vc_column offset=&#8220;vc_hidden-xs&#8220;][\/vc_column][\/vc_row][vc_row css=&#8220;.vc_custom_1526222893048{padding-top: 50px !important;padding-bottom: 50px !important;}&#8220;][vc_column][vc_column_text css_animation=&#8220;fadeInUp&#8220; css=&#8220;.vc_custom_1526222767792{margin-bottom: 30px !important;}&#8220; el_class=&#8220;center&#8220;] Willkommen auf der Internetpr\u00e4senz der Rechtsanwaltskanzlei Salvatore Scalia &nbsp; [\/vc_column_text][vc_custom_heading text=&#8220;Wir freuen uns \u00fcber Ihr Interesse. Auf den folgenden Seiten finden Sie Informationen zu den T\u00e4tigkeitsschwerpunkten unserer Kanzlei. Bei allen Fragen stehen wir Ihnen [&hellip;]<\/p>\n","protected":false},"author":1,"featured_media":0,"parent":0,"menu_order":0,"comment_status":"closed","ping_status":"closed","template":"","meta":{"footnotes":""},"class_list":["post-45","page","type-page","status-publish","hentry"],"_links":{"self":[{"href":"https:\/\/scalia.de\/index.php?rest_route=\/wp\/v2\/pages\/45","targetHints":{"allow":["GET"]}}],"collection":[{"href":"https:\/\/scalia.de\/index.php?rest_route=\/wp\/v2\/pages"}],"about":[{"href":"https:\/\/scalia.de\/index.php?rest_route=\/wp\/v2\/types\/page"}],"author":[{"embeddable":true,"href":"https:\/\/scalia.de\/index.php?rest_route=\/wp\/v2\/users\/1"}],"replies":[{"embeddable":true,"href":"https:\/\/scalia.de\/index.php?rest_route=%2Fwp%2Fv2%2Fcomments&post=45"}],"version-history":[{"count":37,"href":"https:\/\/scalia.de\/index.php?rest_route=\/wp\/v2\/pages\/45\/revisions"}],"predecessor-version":[{"id":1260,"href":"https:\/\/scalia.de\/index.php?rest_route=\/wp\/v2\/pages\/45\/revisions\/1260"}],"wp:attachment":[{"href":"https:\/\/scalia.de\/index.php?rest_route=%2Fwp%2Fv2%2Fmedia&parent=45"}],"curies":[{"name":"wp","href":"https:\/\/api.w.org\/{rel}","templated":true}]}}