{"id":518,"date":"2015-04-24T08:59:11","date_gmt":"2015-04-24T08:59:11","guid":{"rendered":"http:\/\/dev.joomexp.com\/wordpress\/wp-lawpractice\/?page_id=518"},"modified":"2018-05-05T15:48:00","modified_gmt":"2018-05-05T15:48:00","slug":"contact","status":"publish","type":"page","link":"https:\/\/scalia.de\/?page_id=518","title":{"rendered":"Kontakt"},"content":{"rendered":"<section class=\"wpb-content-wrapper\"><p>[vc_row content_full_width=&#8220;1&#8243; css=&#8220;.vc_custom_1524781881804{margin-top: -120px !important;}&#8220;][vc_column][\/vc_column][\/vc_row][vc_row css=&#8220;.vc_custom_1429866237952{padding-top: 29px !important;padding-bottom: 72px !important;background-position: center !important;background-repeat: no-repeat !important;background-size: cover !important;}&#8220;][vc_column][vc_message]B\u00fcrozeiten Mo-Do 9.00-13.00 und 14.00 bis 17.00 Uhr , Besprechungstermine nach telefonischer Vereinbarung auch au\u00dferhalb der B\u00fcrozeiten m\u00f6glich. Die Kanzlei befindet sich nur wenige Gehminuten vom Stadtzentrum entfernt. [\/vc_message][vc_custom_heading text=&#8220;Gerne stehen wir Ihnen f\u00fcr ein Beratungsgespr\u00e4ch zur Verf\u00fcgung.<br \/>\nKontaktieren Sie uns fernm\u00fcndlich und vereinbaren Sie einen individuellen Gespr\u00e4chstermin.&#8220; font_container=&#8220;tag:h2|font_size:40|text_align:center|color:%23dd3333&#8243; google_fonts=&#8220;font_family:Playfair%20Display%3Aregular%2Citalic%2C700%2C700italic%2C900%2C900italic|font_style:400%20regular%3A400%3Anormal&#8220; css=&#8220;.vc_custom_1525445277883{margin-top: 50px !important;margin-bottom: -23px !important;}&#8220;][vc_custom_heading text=&#8220;&#8220; font_container=&#8220;tag:p|font_size:20px|text_align:center|color:%23999999&#8243; google_fonts=&#8220;font_family:Open%20Sans%3A300%2C300italic%2Cregular%2Citalic%2C600%2C600italic%2C700%2C700italic%2C800%2C800italic|font_style:300%20light%20regular%3A300%3Anormal&#8220; css=&#8220;.vc_custom_1525445107039{margin-top: 10px !important;margin-bottom: 42px !important;}&#8220;][\/vc_column][\/vc_row][vc_row full_width=&#8220;1&#8243; css=&#8220;.vc_custom_1429866224951{margin-top: 30px !important;padding-bottom: 54px !important;background-color: #f6f6eb !important;}&#8220;][vc_column width=&#8220;1\/3&#8243;][cms_fancybox content_align=&#8220;center&#8220; icon1=&#8220;icon-phone&#8220; cms_fancy_box_phone=&#8220;(06202) 702390&#8243; cms_template=&#8220;cms_fancybox&#8211;layout4.php&#8220;][\/vc_column][vc_column width=&#8220;1\/3&#8243;][cms_fancybox content_align=&#8220;center&#8220; icon1=&#8220;icon-location&#8220; cms_fancy_box_address=&#8220;Heckerstr. 18 68723 Schwetzingen Baden-W\u00fcrttemberg &#8220; cms_template=&#8220;cms_fancybox&#8211;layout4.php&#8220;][\/vc_column][vc_column width=&#8220;1\/3&#8243;][cms_fancybox content_align=&#8220;center&#8220; icon1=&#8220;icon-mail&#8220; cms_fancy_box_mail=&#8220;rechtsanwalt@scalia.de&#8220; cms_template=&#8220;cms_fancybox&#8211;layout4.php&#8220; heading_1=&#8220;&#8220;][\/vc_column][\/vc_row]<\/p>\n<\/section>","protected":false},"excerpt":{"rendered":"<p>[vc_row content_full_width=&#8220;1&#8243; css=&#8220;.vc_custom_1524781881804{margin-top: -120px !important;}&#8220;][vc_column][\/vc_column][\/vc_row][vc_row css=&#8220;.vc_custom_1429866237952{padding-top: 29px !important;padding-bottom: 72px !important;background-position: center !important;background-repeat: no-repeat !important;background-size: cover !important;}&#8220;][vc_column][vc_message]B\u00fcrozeiten Mo-Do 9.00-13.00 und 14.00 bis 17.00 Uhr , Besprechungstermine nach telefonischer Vereinbarung auch au\u00dferhalb der B\u00fcrozeiten m\u00f6glich. Die Kanzlei befindet sich nur wenige Gehminuten vom Stadtzentrum entfernt. [\/vc_message][vc_custom_heading text=&#8220;Gerne stehen wir Ihnen f\u00fcr ein Beratungsgespr\u00e4ch zur Verf\u00fcgung. Kontaktieren Sie [&hellip;]<\/p>\n","protected":false},"author":1,"featured_media":0,"parent":0,"menu_order":0,"comment_status":"closed","ping_status":"closed","template":"","meta":{"footnotes":""},"class_list":["post-518","page","type-page","status-publish","hentry"],"_links":{"self":[{"href":"https:\/\/scalia.de\/index.php?rest_route=\/wp\/v2\/pages\/518","targetHints":{"allow":["GET"]}}],"collection":[{"href":"https:\/\/scalia.de\/index.php?rest_route=\/wp\/v2\/pages"}],"about":[{"href":"https:\/\/scalia.de\/index.php?rest_route=\/wp\/v2\/types\/page"}],"author":[{"embeddable":true,"href":"https:\/\/scalia.de\/index.php?rest_route=\/wp\/v2\/users\/1"}],"replies":[{"embeddable":true,"href":"https:\/\/scalia.de\/index.php?rest_route=%2Fwp%2Fv2%2Fcomments&post=518"}],"version-history":[{"count":11,"href":"https:\/\/scalia.de\/index.php?rest_route=\/wp\/v2\/pages\/518\/revisions"}],"predecessor-version":[{"id":1230,"href":"https:\/\/scalia.de\/index.php?rest_route=\/wp\/v2\/pages\/518\/revisions\/1230"}],"wp:attachment":[{"href":"https:\/\/scalia.de\/index.php?rest_route=%2Fwp%2Fv2%2Fmedia&parent=518"}],"curies":[{"name":"wp","href":"https:\/\/api.w.org\/{rel}","templated":true}]}}